
{"id":97,"date":"2012-10-10T14:57:45","date_gmt":"2012-10-10T14:57:45","guid":{"rendered":"http:\/\/www.qcmywebsite.com\/fluid\/?page_id=97"},"modified":"2026-02-02T23:11:12","modified_gmt":"2026-02-02T23:11:12","slug":"contact-information","status":"publish","type":"page","link":"https:\/\/www.fdotd7studies.com\/projects\/branch-forbes-road-us92-to-i4\/contact-information\/","title":{"rendered":"Contact Information"},"content":{"rendered":"<p>For more information or to comment, please contact:<\/p>\n<p><strong>Craig Fox, P.E., <\/strong>FDOT Project Manager<br \/>\n<strong>Florida Department of Transportation, District Seven<\/strong><br \/>\n11201 N. McKinley Drive, MS 7-500<br \/>\nTampa, FL 33612-6456<br \/>\n(813) 975-6082<br \/>\n(800) 226-7220<br \/>\n<a title=\"Craig Fox's Email Address\" href=\"mailto:craig.fox@dot.state.fl.us\">craig.fox@dot.state.fl.us<\/a><\/p>\n<hr \/>\n<p>For media inquiries, please contact:<\/p>\n<p><strong>Kris Carson,<\/strong> Public Information Officer<br \/>\n<strong>Florida Department of Transportation, District Seven<\/strong><br \/>\n11201 N. McKinley Drive, MS 7-110<br \/>\nTampa, FL 33612-6456<br \/>\n(813) 975-6060<br \/>\n(800) 226-7220<br \/>\n<a title=\"Kris Carson's Email Address\" href=\"mailto:kristen.carson@dot.state.fl.us\">kristen.carson@dot.state.fl.us<\/a><\/p>\n<hr \/>\n<p>Public participation is solicited without regard to race,  color, national origin, age, sex, religion, disability or family status.  Persons who require special accommodations under the Americans with  Disabilities Act or persons who require translation services (free of charge)  should contact&nbsp;<strong>Jensen Hackett,<\/strong>&nbsp;at (813) 975-6283, toll free at  (800) 226-7220, or by email at:&nbsp;<a href=\"mailto:jensen.hackett@dot.state.fl.us\" target=\"_blank\" title=\"Jensen Hackett's Email Address\" rel=\"noopener\">jensen.hackett@dot.state.fl.us<\/a>.<\/p>\n<h2><strong>Comuniquese Con Nosotros<\/strong><\/h2>\n<p>Si usted tiene preguntas o comentarios o si simplemente desea m\u00e1s informaci\u00f3n sobre este proyecto, favor de ponerse en contacto con nuestro representante, el se\u00f1or <strong>Manuel Flores<\/strong>\u00a0al tel\u00e9fono <strong>(813) 975-6279<\/strong> o correo electr\u00f3nico <a title=\"Manuel Flores' Email Address\" href=\"mailto:manuel.flores@dot.state.fl.us\">manuel.flores@dot.state.fl.us<\/a><\/p>\n<p>&nbsp;<\/p>\n","protected":false},"excerpt":{"rendered":"<p>For more information or to comment, please contact: Craig Fox, P.E., FDOT Project Manager Florida Department of Transportation, District Seven 11201 N. McKinley Drive, MS 7-500 Tampa, FL 33612-6456 (813) 975-6082 (800) 226-7220 craig.fox@dot.state.fl.us For media inquiries, please contact: Kris<span class=\"ellipsis\">&hellip;<\/span><\/p>\n<div class=\"read-more\"><a href=\"https:\/\/www.fdotd7studies.com\/projects\/branch-forbes-road-us92-to-i4\/contact-information\/\">Read more &#8250;<\/a><\/div>\n<p><!-- end of .read-more --><\/p>\n","protected":false},"author":1,"featured_media":0,"parent":0,"menu_order":0,"comment_status":"closed","ping_status":"closed","template":"","meta":{"_acf_changed":false,"footnotes":""},"acf":[],"_links":{"self":[{"href":"https:\/\/www.fdotd7studies.com\/projects\/branch-forbes-road-us92-to-i4\/wp-json\/wp\/v2\/pages\/97"}],"collection":[{"href":"https:\/\/www.fdotd7studies.com\/projects\/branch-forbes-road-us92-to-i4\/wp-json\/wp\/v2\/pages"}],"about":[{"href":"https:\/\/www.fdotd7studies.com\/projects\/branch-forbes-road-us92-to-i4\/wp-json\/wp\/v2\/types\/page"}],"author":[{"embeddable":true,"href":"https:\/\/www.fdotd7studies.com\/projects\/branch-forbes-road-us92-to-i4\/wp-json\/wp\/v2\/users\/1"}],"replies":[{"embeddable":true,"href":"https:\/\/www.fdotd7studies.com\/projects\/branch-forbes-road-us92-to-i4\/wp-json\/wp\/v2\/comments?post=97"}],"version-history":[{"count":29,"href":"https:\/\/www.fdotd7studies.com\/projects\/branch-forbes-road-us92-to-i4\/wp-json\/wp\/v2\/pages\/97\/revisions"}],"predecessor-version":[{"id":1379,"href":"https:\/\/www.fdotd7studies.com\/projects\/branch-forbes-road-us92-to-i4\/wp-json\/wp\/v2\/pages\/97\/revisions\/1379"}],"wp:attachment":[{"href":"https:\/\/www.fdotd7studies.com\/projects\/branch-forbes-road-us92-to-i4\/wp-json\/wp\/v2\/media?parent=97"}],"curies":[{"name":"wp","href":"https:\/\/api.w.org\/{rel}","templated":true}]}}