
{"id":97,"date":"2012-10-10T14:57:45","date_gmt":"2012-10-10T14:57:45","guid":{"rendered":"http:\/\/www.qcmywebsite.com\/fluid\/?page_id=97"},"modified":"2025-01-16T18:41:08","modified_gmt":"2025-01-16T22:41:08","slug":"contact-information","status":"publish","type":"page","link":"https:\/\/www.fdotd7studies.com\/projects\/gibsonton-dr-fern-hill-to-us301\/contact-information\/","title":{"rendered":"Contact Information"},"content":{"rendered":"<p>For more information or to comment, please contact:<\/p>\n<p><strong>Kirk Bogen, P.E.<\/strong>, FDOT Project Manager<br \/>\n<strong>Florida Department of Transportation, District Seven<\/strong><br \/>\n<a href=\"https:\/\/goo.gl\/maps\/2N2BpRXeNKbcmpre6\">11201 N. McKinley Drive, MS 7-500<br \/>\nTampa, FL 33612-6456<\/a><br \/>\n(813) 975-6448<br \/>\n(800) 226-7220<br \/>\n<a title=\"kirk.bogen@dot.state.fl.us\" href=\"mailto:kirk.bogen@dot.state.fl.us\">kirk.bogen@dot.state.fl.us<\/a><\/p>\n<hr \/>\n<p>For media inquiries, please contact:<\/p>\n<p><strong>Kris Carson<\/strong>, Public Information Officer<br \/>\n<strong>Florida Department of Transportation, District Seven<\/strong><br \/>\n<a href=\"https:\/\/goo.gl\/maps\/2N2BpRXeNKbcmpre6\">11201 N. McKinley Drive, MS 7-110<br \/>\nTampa, FL 33612-6456<\/a><br \/>\n(813) 975-6060<br \/>\n(800) 226-7220<br \/>\n<a title=\"kristen.carson@dot.state.fl.us\" href=\"mailto:kristen.carson@dot.state.fl.us\">kristen.carson@dot.state.fl.us<\/a><\/p>\n<hr \/>\n<p>Public participation is solicited without regard to race, color, national origin, age, sex, religion, disability or family status. Persons who require special accommodations under the Americans with Disabilities Act or persons who require translation services (free of charge) should contact Title VI Coordinator\u00a0<strong>Jensen Hackett, <\/strong>at <strong>(813) 975-6283<\/strong> or email: <a href=\"mailto:jensen.hackett@dot.state.fl.us\">jensen.hackett@dot.state.fl.us<\/a><\/p>\n<hr \/>\n<h3><strong>Comun\u00edquese Con Nosotros<\/strong><\/h3>\n<p>Nos importa mucho la opini\u00f3n del p\u00fablico sobre el proyecto. Si usted tiene preguntas o comentarios, o si simplemente desea m\u00e1s informaci\u00f3n, por favor comun\u00edquese con nuestro representante, Manuel Flores, (813) 975-6279, <a title=\"manuel.flores@dot.state.fl.us\" href=\"mailto:manuel.flores@dot.state.fl.us\">manuel.flores@dot.state.fl.us<\/a> Departamento de Transporte de la Florida, 11201 North McKinley Drive, Tampa, FL 33612.<\/p>\n<p>&nbsp;<\/p>\n","protected":false},"excerpt":{"rendered":"<p>For more information or to comment, please contact: Kirk Bogen, P.E., FDOT Project Manager Florida Department of Transportation, District Seven 11201 N. McKinley Drive, MS 7-500 Tampa, FL 33612-6456 (813) 975-6448 (800) 226-7220 kirk.bogen@dot.state.fl.us For media inquiries, please contact: Kris<span class=\"ellipsis\">&hellip;<\/span><\/p>\n<div class=\"read-more\"><a href=\"https:\/\/www.fdotd7studies.com\/projects\/gibsonton-dr-fern-hill-to-us301\/contact-information\/\">Read more &#8250;<\/a><\/div>\n<p><!-- end of .read-more --><\/p>\n","protected":false},"author":1,"featured_media":0,"parent":0,"menu_order":0,"comment_status":"closed","ping_status":"closed","template":"","meta":{"_acf_changed":false,"footnotes":""},"acf":[],"_links":{"self":[{"href":"https:\/\/www.fdotd7studies.com\/projects\/gibsonton-dr-fern-hill-to-us301\/wp-json\/wp\/v2\/pages\/97"}],"collection":[{"href":"https:\/\/www.fdotd7studies.com\/projects\/gibsonton-dr-fern-hill-to-us301\/wp-json\/wp\/v2\/pages"}],"about":[{"href":"https:\/\/www.fdotd7studies.com\/projects\/gibsonton-dr-fern-hill-to-us301\/wp-json\/wp\/v2\/types\/page"}],"author":[{"embeddable":true,"href":"https:\/\/www.fdotd7studies.com\/projects\/gibsonton-dr-fern-hill-to-us301\/wp-json\/wp\/v2\/users\/1"}],"replies":[{"embeddable":true,"href":"https:\/\/www.fdotd7studies.com\/projects\/gibsonton-dr-fern-hill-to-us301\/wp-json\/wp\/v2\/comments?post=97"}],"version-history":[{"count":16,"href":"https:\/\/www.fdotd7studies.com\/projects\/gibsonton-dr-fern-hill-to-us301\/wp-json\/wp\/v2\/pages\/97\/revisions"}],"predecessor-version":[{"id":1409,"href":"https:\/\/www.fdotd7studies.com\/projects\/gibsonton-dr-fern-hill-to-us301\/wp-json\/wp\/v2\/pages\/97\/revisions\/1409"}],"wp:attachment":[{"href":"https:\/\/www.fdotd7studies.com\/projects\/gibsonton-dr-fern-hill-to-us301\/wp-json\/wp\/v2\/media?parent=97"}],"curies":[{"name":"wp","href":"https:\/\/api.w.org\/{rel}","templated":true}]}}