
{"id":97,"date":"2012-10-10T14:57:45","date_gmt":"2012-10-10T14:57:45","guid":{"rendered":"http:\/\/www.qcmywebsite.com\/fluid\/?page_id=97"},"modified":"2021-06-08T18:05:31","modified_gmt":"2021-06-08T22:05:31","slug":"contact-information","status":"publish","type":"page","link":"https:\/\/www.fdotd7studies.com\/projects\/good-neighbor-trail\/contact-information\/","title":{"rendered":"Contact Information"},"content":{"rendered":"\n<div>For more information or to comment, please contact:<\/div>\n<div>\n<p><strong>Environmental Management Office<\/strong><br \/>\n                                Florida Department of Transportation, District Seven<br \/>\n                                11201 N. McKinley Drive<br \/>\n                                M.S. 7-500<br \/>\n                                Tampa, FL 33612-6456<\/p>\n<\/p><\/div>\n<div>\n<p><strong>Phone:<\/strong> (813) 975-6000<br \/>\n                                <strong>Toll Free:<\/strong> (800) 226-7220<\/p>\n<\/p><\/div>\n<div><strong>Para preguntas en Espa\u00f1ol<\/strong><br \/>\n                            Valoramos la opini\u00f3n del p\u00fablico sobre este proyecto. Si usted tiene preguntas o comentarios o si simplemente desea m\u00e1s informaci\u00f3n sobre este proyecto, por favor ponerse en contacto con el se\u00f1or Manuel Flores al tel\u00e9fono (813) 975-4248 o  al correo electr\u00f3nico <a href=\"mailto:manuel.flores@dot.state.fl.us\">manuel.flores@dot.state.fl.us.<\/a><\/div>\n<p><!--\nFor more information or to comment, please contact:\n\n<strong>Ashley Henzel<\/strong>, Project Manager\n<strong>Florida Department of Transportation, District Seven<\/strong>\nPlanning &amp; Environmental Management Office (PLEMO)\n11201 N. McKinley Drive\nMS 7-800\nTampa, FL 33612\n(813) 975-6433\n(800) 226-7220\n<a title=\"lilliam.escalera@dot.state.fl.us\" href=\"mailto:ashley.henzel@dot.state.fl.us\">ashley.henzel@dot.state.fl.us<\/a>\n\n\n\n<hr \/>\n\n\n\nFor media inquiries, please contact:\n\n<strong>Kristen Carson<\/strong>, Public Information Director\n<strong>Florida Department of Transportation, District Seven<\/strong>\n11201 N. McKinley Drive\nMS 7-110\nTampa, FL 33612-6456\n(813) 975-6060\n(800) 226-7220\n<a title=\"kristen.carson@dot.state.fl.us\" href=\"mailto:kristen.carson@dot.state.fl.us\">kristen.carson@dot.state.fl.us<\/a>\n\n\n\n<hr \/>\n\n\n\n<strong>Comuniquese Con Nosotros<\/strong>\nNos importa mucho la opini\u00f3n del p\u00fablico sobre el proyecto. Si usted tiene preguntas o comentarios, o si simplemente desea m\u00e1s informaci\u00f3n, por favor comun\u00edquese con nosotros. Nuestro representante, Se\u00f1or Manny Flores, 813-975-4248, Departamento de Transportaci\u00f3n de Florida, 11201 N. McKinley Dr., MS-7-800, Tampa, FL 33612, <a title=\"lilliam.escalera@dot.state.fl.us\" href=\"mailto:manuel.flores@dot.state.fl.us\">manuel.flores@dot.state.fl.us<\/a>--><\/p>\n","protected":false},"excerpt":{"rendered":"<p>For more information or to comment, please contact: Environmental Management Office Florida Department of Transportation, District Seven 11201 N. McKinley Drive M.S. 7-500 Tampa, FL 33612-6456 Phone: (813) 975-6000 Toll Free: (800) 226-7220 Para preguntas en Espa\u00f1ol Valoramos la opini\u00f3n<span class=\"ellipsis\">&hellip;<\/span><\/p>\n<div class=\"read-more\"><a href=\"https:\/\/www.fdotd7studies.com\/projects\/good-neighbor-trail\/contact-information\/\">Read more &#8250;<\/a><\/div>\n<p><!-- end of .read-more --><\/p>\n","protected":false},"author":1,"featured_media":0,"parent":0,"menu_order":0,"comment_status":"closed","ping_status":"closed","template":"","meta":{"_acf_changed":false,"footnotes":""},"acf":[],"_links":{"self":[{"href":"https:\/\/www.fdotd7studies.com\/projects\/good-neighbor-trail\/wp-json\/wp\/v2\/pages\/97"}],"collection":[{"href":"https:\/\/www.fdotd7studies.com\/projects\/good-neighbor-trail\/wp-json\/wp\/v2\/pages"}],"about":[{"href":"https:\/\/www.fdotd7studies.com\/projects\/good-neighbor-trail\/wp-json\/wp\/v2\/types\/page"}],"author":[{"embeddable":true,"href":"https:\/\/www.fdotd7studies.com\/projects\/good-neighbor-trail\/wp-json\/wp\/v2\/users\/1"}],"replies":[{"embeddable":true,"href":"https:\/\/www.fdotd7studies.com\/projects\/good-neighbor-trail\/wp-json\/wp\/v2\/comments?post=97"}],"version-history":[{"count":1,"href":"https:\/\/www.fdotd7studies.com\/projects\/good-neighbor-trail\/wp-json\/wp\/v2\/pages\/97\/revisions"}],"predecessor-version":[{"id":981,"href":"https:\/\/www.fdotd7studies.com\/projects\/good-neighbor-trail\/wp-json\/wp\/v2\/pages\/97\/revisions\/981"}],"wp:attachment":[{"href":"https:\/\/www.fdotd7studies.com\/projects\/good-neighbor-trail\/wp-json\/wp\/v2\/media?parent=97"}],"curies":[{"name":"wp","href":"https:\/\/api.w.org\/{rel}","templated":true}]}}