
{"id":97,"date":"2012-10-10T14:57:45","date_gmt":"2012-10-10T14:57:45","guid":{"rendered":"http:\/\/www.qcmywebsite.com\/fluid\/?page_id=97"},"modified":"2022-04-05T11:11:06","modified_gmt":"2022-04-05T15:11:06","slug":"contact-information","status":"publish","type":"page","link":"https:\/\/www.fdotd7studies.com\/projects\/sr50-brooksville-bypass-to-i75\/contact-information\/","title":{"rendered":"Contact Information"},"content":{"rendered":"<p>For more information or to comment, please contact:<\/p>\n<p><strong>Amber Russo, P.E.<\/strong>, FDOT Project Manager<br \/>\n<strong>Florida Department of Transportation, District Seven<\/strong><br \/>\n11201 N. McKinley Drive<br \/>\nMS 7-800<br \/>\nTampa, FL 33612<br \/>\n(813) 975-6260<br \/>\n(800) 226-7220<br \/>\n<a title=\"lilliam.escalera@dot.state.fl.us\" href=\"mailto:amber.russo@dot.state.fl.us\">amber.russo@dot.state.fl.us<br \/>\n<\/a><\/p>\n<hr \/>\n<p><em>For media inquiries, please contact:<\/em><\/p>\n<p><strong>Kristen Carson<\/strong>, Public Information Officer<br \/>\n<strong>Florida Department of Transportation, District Seven<\/strong><br \/>\n11201 N. McKinley Drive<br \/>\nMS 7-110<br \/>\nTampa, FL 33612-6456<br \/>\n(813) 975-6060<br \/>\n(800) 226-7220<br \/>\n<a title=\"kristen.carson@dot.state.fl.us\" href=\"mailto:kristen.carson@dot.state.fl.us\">kristen.carson@dot.state.fl.us<br \/>\n<\/a><\/p>\n<hr \/>\n<p><strong>Comuniquese Con Nosotros<\/strong><br \/>\nSi usted tiene preguntas o comentarios, o si simplemente desea m\u00e1s informaci\u00f3n, por favor comun\u00edquese con nosotros. Nuestro representante, se\u00f1or Manuel Flores, (813) 975-4248, Departamento de Transportaci\u00f3n de Florida, 11201 N. McKinley Dr., Tampa, FL 33612, o al correo electr\u00f3nico: <a title=\"lilliam.escalera@dot.state.fl.us\" href=\"mailto:manuel.flors@dot.state.fl.us\">manuel.flores@dot.state.fl.us<\/a><\/p>\n","protected":false},"excerpt":{"rendered":"<p>For more information or to comment, please contact: Amber Russo, P.E., FDOT Project Manager Florida Department of Transportation, District Seven 11201 N. McKinley Drive MS 7-800 Tampa, FL 33612 (813) 975-6260 (800) 226-7220 amber.russo@dot.state.fl.us For media inquiries, please contact: Kristen<span class=\"ellipsis\">&hellip;<\/span><\/p>\n<div class=\"read-more\"><a href=\"https:\/\/www.fdotd7studies.com\/projects\/sr50-brooksville-bypass-to-i75\/contact-information\/\">Read more &#8250;<\/a><\/div>\n<p><!-- end of .read-more --><\/p>\n","protected":false},"author":1,"featured_media":0,"parent":0,"menu_order":0,"comment_status":"closed","ping_status":"closed","template":"","meta":{"_acf_changed":false,"footnotes":""},"acf":[],"_links":{"self":[{"href":"https:\/\/www.fdotd7studies.com\/projects\/sr50-brooksville-bypass-to-i75\/wp-json\/wp\/v2\/pages\/97"}],"collection":[{"href":"https:\/\/www.fdotd7studies.com\/projects\/sr50-brooksville-bypass-to-i75\/wp-json\/wp\/v2\/pages"}],"about":[{"href":"https:\/\/www.fdotd7studies.com\/projects\/sr50-brooksville-bypass-to-i75\/wp-json\/wp\/v2\/types\/page"}],"author":[{"embeddable":true,"href":"https:\/\/www.fdotd7studies.com\/projects\/sr50-brooksville-bypass-to-i75\/wp-json\/wp\/v2\/users\/1"}],"replies":[{"embeddable":true,"href":"https:\/\/www.fdotd7studies.com\/projects\/sr50-brooksville-bypass-to-i75\/wp-json\/wp\/v2\/comments?post=97"}],"version-history":[{"count":1,"href":"https:\/\/www.fdotd7studies.com\/projects\/sr50-brooksville-bypass-to-i75\/wp-json\/wp\/v2\/pages\/97\/revisions"}],"predecessor-version":[{"id":584,"href":"https:\/\/www.fdotd7studies.com\/projects\/sr50-brooksville-bypass-to-i75\/wp-json\/wp\/v2\/pages\/97\/revisions\/584"}],"wp:attachment":[{"href":"https:\/\/www.fdotd7studies.com\/projects\/sr50-brooksville-bypass-to-i75\/wp-json\/wp\/v2\/media?parent=97"}],"curies":[{"name":"wp","href":"https:\/\/api.w.org\/{rel}","templated":true}]}}