
{"id":97,"date":"2012-10-10T14:57:45","date_gmt":"2012-10-10T14:57:45","guid":{"rendered":"http:\/\/www.qcmywebsite.com\/fluid\/?page_id=97"},"modified":"2023-01-05T16:32:25","modified_gmt":"2023-01-05T16:32:25","slug":"contact-information","status":"publish","type":"page","link":"https:\/\/www.fdotd7studies.com\/projects\/sr56-ramps-to-i75-i275\/contact-information\/","title":{"rendered":"Contact Information"},"content":{"rendered":"<div>For more information or to comment, please contact:<\/div>\n<div>\n<p><strong>Environmental Management Office<\/strong><br \/>\nFlorida Department of Transportation, District Seven<br \/>\n11201 N. McKinley Drive<br \/>\nM.S. 7-500<br \/>\nTampa, FL 33612-6456<\/p>\n<\/div>\n<div>\n<p><strong>Phone:<\/strong> (813) 975-6000<br \/>\n<strong>Toll Free:<\/strong> (800) 226-7220<\/p>\n<\/div>\n<div><strong>Comuniquese Con Nosotros<\/strong><br \/>\nSi usted tiene preguntas o comentarios o si simplemente desea m\u00e1s informaci\u00f3n sobre este proyecto, favor ponerse en contacto con el se\u00f1or Manuel Flores al tel\u00e9fono (813) 975-4248 o correo electr\u00f3nico <a href=\"mailto:manuel.flores@dot.state.fl.us\">manuel.flores@dot.state.fl.us<\/a><\/div>\n<div style=\"display: none;\">\n<p>For more information or to comment, please contact:<\/p>\n<p><strong>Ashley Henzel, PE,<\/strong> FDOT Project Manager<br \/>\n<strong>Florida Department of Transportation, District Seven<\/strong><br \/>\n11201 N. McKinley Drive<br \/>\nMS 7-500<br \/>\nTampa, FL 33612<br \/>\n(813) 975-6433<br \/>\n(800) 226-7220<br \/>\n<a title=\"ashley.henzel@dot.state.fl.us\" href=\"mailto:ashley.henzel@dot.state.fl.us\">ashley.henzel@dot.state.fl.us<\/a><\/p>\n<hr \/>\n<p><em>For media inquiries, please contact:<\/em><\/p>\n<p><strong>Kris Carson<\/strong>, Public Information Officer<br \/>\n<strong>Florida Department of Transportation, District Seven<\/strong><br \/>\n11201 N. McKinley Drive<br \/>\nMS 7-100<br \/>\nTampa, FL 33612<br \/>\n(813) 975-6060<br \/>\n(800) 226-7220<br \/>\n<a title=\"kristen.carson@dot.state.fl.us\" href=\"mailto:kristen.carson@dot.state.fl.us\">kristen.carson@dot.state.fl.us<\/a><\/p>\n<hr \/>\n<p><strong>Comuniquese Con Nosotros<\/strong><br \/>\nSi usted tiene preguntas o comentarios o si simplemente desea mas informacion sobre este proyecto, favor de ponerse en contacto con nuestro representante, el se\u00f1or <strong>Manuel Flores,<\/strong> al tel\u00e9fono <strong>(813) 975-4248<\/strong> o correo electr\u00f3nico <a title=\"manuel.flores@dot.state.fl.us\" href=\"mailto:manuel.flores@dot.state.fl.us\">manuel.flores@dot.state.fl.us.<\/a><\/p>\n<\/div>\n","protected":false},"excerpt":{"rendered":"<p>For more information or to comment, please contact: Environmental Management Office Florida Department of Transportation, District Seven 11201 N. McKinley Drive M.S. 7-500 Tampa, FL 33612-6456 Phone: (813) 975-6000 Toll Free: (800) 226-7220 Comuniquese Con Nosotros Si usted tiene preguntas<span class=\"ellipsis\">&hellip;<\/span><\/p>\n<div class=\"read-more\"><a href=\"https:\/\/www.fdotd7studies.com\/projects\/sr56-ramps-to-i75-i275\/contact-information\/\">Read more &#8250;<\/a><\/div>\n<p><!-- end of .read-more --><\/p>\n","protected":false},"author":1,"featured_media":0,"parent":0,"menu_order":0,"comment_status":"closed","ping_status":"closed","template":"","meta":{"_acf_changed":false,"footnotes":""},"acf":[],"_links":{"self":[{"href":"https:\/\/www.fdotd7studies.com\/projects\/sr56-ramps-to-i75-i275\/wp-json\/wp\/v2\/pages\/97"}],"collection":[{"href":"https:\/\/www.fdotd7studies.com\/projects\/sr56-ramps-to-i75-i275\/wp-json\/wp\/v2\/pages"}],"about":[{"href":"https:\/\/www.fdotd7studies.com\/projects\/sr56-ramps-to-i75-i275\/wp-json\/wp\/v2\/types\/page"}],"author":[{"embeddable":true,"href":"https:\/\/www.fdotd7studies.com\/projects\/sr56-ramps-to-i75-i275\/wp-json\/wp\/v2\/users\/1"}],"replies":[{"embeddable":true,"href":"https:\/\/www.fdotd7studies.com\/projects\/sr56-ramps-to-i75-i275\/wp-json\/wp\/v2\/comments?post=97"}],"version-history":[{"count":4,"href":"https:\/\/www.fdotd7studies.com\/projects\/sr56-ramps-to-i75-i275\/wp-json\/wp\/v2\/pages\/97\/revisions"}],"predecessor-version":[{"id":1001,"href":"https:\/\/www.fdotd7studies.com\/projects\/sr56-ramps-to-i75-i275\/wp-json\/wp\/v2\/pages\/97\/revisions\/1001"}],"wp:attachment":[{"href":"https:\/\/www.fdotd7studies.com\/projects\/sr56-ramps-to-i75-i275\/wp-json\/wp\/v2\/media?parent=97"}],"curies":[{"name":"wp","href":"https:\/\/api.w.org\/{rel}","templated":true}]}}