
{"id":69,"date":"2012-10-10T14:38:31","date_gmt":"2012-10-10T14:38:31","guid":{"rendered":"http:\/\/www.qcmywebsite.com\/fluid\/?page_id=69"},"modified":"2021-06-17T18:21:26","modified_gmt":"2021-06-17T22:21:26","slug":"public-involvement","status":"publish","type":"page","link":"https:\/\/www.fdotd7studies.com\/projects\/sr600-i4-to-county-line\/public-involvement\/","title":{"rendered":"Public Involvement"},"content":{"rendered":"<p>The PD&amp;E re-evaluation process includes a Public Involvement Program to inform and involve all interested parties in the development of the planned project. This study is now coomplete and the study team gathered input from citizens and agencies within the project area. Public involvement activities continued throughout the duration of the project.<\/p>\n<p>Several editions of the project newsletter were planned. The mailing list included the following groups:<\/p>\n<ul>\n<li>All individuals owning property within at least 300 feet of the right-of-way of the proposed project;<\/li>\n<li>Neighborhood and civic associations in the study area;<\/li>\n<li>Local elected and appointed officials;<\/li>\n<li>Local, regional, and state agencies and interest groups; and,<\/li>\n<li>Individuals who request to be placed on the mailing list.<\/li>\n<\/ul>\n<p>The <a href=\"https:\/\/www.fdotd7studies.com\/projects\/sr600-i4-to-county-line\/public-involvement\/newsletters\/\">project newsletters<\/a> informed the public of the status of alternatives development and the planned public meetings. The public information meetings included presentations given before the MPO and informal \u201csmall group\u201d meetings with local civic organizations, public officials, and public agencies. Meetings provided information on the project status, design concepts, and opportunity for those who have an interest in the proposed project to comment on the study\u2019s findings.<\/p>\n<h2>Non-Discrimination Laws and Regulations<\/h2>\n<p>Public participation is solicited without regard to race, color, national origin, age, sex, religion, disability, or family status. Persons who require special accommodations under the Americans with Disabilities Act or persons who require translation services (free of charge) should contact the <strong>Environmental Management Office<\/strong>\u00a0at <strong>813-975-6000,<\/strong> or toll free at <strong>800-226-7220.<\/strong><\/p>\n<h2>Para Preguntas en Espa\u00f1ol<\/h2>\n<p>Si usted tiene preguntas o comentarios o si simplemente desea mas informaci\u00f3n sobre este proyecto en Espa\u00f1ol, favor de ponerse en contacto con el se\u00f1or <strong>Manuel Flores<\/strong>\u00a0al tel\u00e9fono <strong>813-975-4248,<\/strong> o correo electr\u00f3nico <a href=\"mailto:manuel.flores@dot.state.fl.us\">manuel.flores@dot.state.fl.us.<\/a><\/p>\n","protected":false},"excerpt":{"rendered":"<p>The PD&amp;E re-evaluation process includes a Public Involvement Program to inform and involve all interested parties in the development of the planned project. This study is now coomplete and the study team gathered input from citizens and agencies within the<span class=\"ellipsis\">&hellip;<\/span><\/p>\n<div class=\"read-more\"><a href=\"https:\/\/www.fdotd7studies.com\/projects\/sr600-i4-to-county-line\/public-involvement\/\">Read more &#8250;<\/a><\/div>\n<p><!-- end of .read-more --><\/p>\n","protected":false},"author":1,"featured_media":0,"parent":0,"menu_order":0,"comment_status":"closed","ping_status":"closed","template":"","meta":{"_acf_changed":false,"footnotes":""},"acf":[],"_links":{"self":[{"href":"https:\/\/www.fdotd7studies.com\/projects\/sr600-i4-to-county-line\/wp-json\/wp\/v2\/pages\/69"}],"collection":[{"href":"https:\/\/www.fdotd7studies.com\/projects\/sr600-i4-to-county-line\/wp-json\/wp\/v2\/pages"}],"about":[{"href":"https:\/\/www.fdotd7studies.com\/projects\/sr600-i4-to-county-line\/wp-json\/wp\/v2\/types\/page"}],"author":[{"embeddable":true,"href":"https:\/\/www.fdotd7studies.com\/projects\/sr600-i4-to-county-line\/wp-json\/wp\/v2\/users\/1"}],"replies":[{"embeddable":true,"href":"https:\/\/www.fdotd7studies.com\/projects\/sr600-i4-to-county-line\/wp-json\/wp\/v2\/comments?post=69"}],"version-history":[{"count":1,"href":"https:\/\/www.fdotd7studies.com\/projects\/sr600-i4-to-county-line\/wp-json\/wp\/v2\/pages\/69\/revisions"}],"predecessor-version":[{"id":773,"href":"https:\/\/www.fdotd7studies.com\/projects\/sr600-i4-to-county-line\/wp-json\/wp\/v2\/pages\/69\/revisions\/773"}],"wp:attachment":[{"href":"https:\/\/www.fdotd7studies.com\/projects\/sr600-i4-to-county-line\/wp-json\/wp\/v2\/media?parent=69"}],"curies":[{"name":"wp","href":"https:\/\/api.w.org\/{rel}","templated":true}]}}