
{"id":97,"date":"2012-10-10T14:57:45","date_gmt":"2012-10-10T14:57:45","guid":{"rendered":"http:\/\/www.qcmywebsite.com\/fluid\/?page_id=97"},"modified":"2025-04-16T17:37:19","modified_gmt":"2025-04-16T17:37:19","slug":"contact-information","status":"publish","type":"page","link":"https:\/\/www.fdotd7studies.com\/projects\/us19-66th-to-sr690\/contact-information\/","title":{"rendered":"Contact Information"},"content":{"rendered":"<p>For more information or to comment on the completed environmental phase of the project, please contact:<\/p>\n<p><strong>Environmental Management Office<\/strong><br \/>\n<strong>Florida Department of Transportation, District Seven<\/strong><br \/>\n11201 N. McKinley Drive<br \/>\nMS 7-500<br \/>\nTampa, FL 33612-6456<br \/>\n(813) 975-6000<br \/>\n(800) 226-7220<\/p>\n<hr \/>\n<p>For issues related to the final design of this project, please contact:<\/p>\n<p><strong>Liz Winters,<\/strong> Design Project Manager<br \/>\n<strong>Florida Department of Transportation, District Seven<\/strong><br \/>\n11201 N. McKinley Drive<br \/>\nMS 7-600<br \/>\nTampa, FL 33612-6456<br \/>\n(813) 975-6169<br \/>\n(800) 226-7220<br \/>\n<a title=\"elizabeth.winter@dot.state.fl.us\" href=\"mailto:elizabeth.winter@dot.state.fl.us\">elizabeth.winter@dot.state.fl.us<\/a><\/p>\n<hr \/>\n<p>For all other inquiries related to this project, please contact:<\/p>\n<p><strong>Kristen Carson<\/strong>, Public Information Director<br \/>\n<strong>Florida Department of Transportation, District Seven<\/strong><br \/>\n11201 N. McKinley Drive<br \/>\nMS 7-110<br \/>\nTampa, FL 33612-6456<br \/>\n(813) 975-6060<br \/>\n(800) 226-7220<br \/>\n<a title=\"kristen.carson@dot.state.fl.us\" href=\"mailto:kristen.carson@dot.state.fl.us\">kristen.carson@dot.state.fl.us<\/a><\/p>\n<hr \/>\n<p>Public participation is solicited without regard to race,  color, national origin, age, sex, religion, disability or family status.  Persons who require special accommodations under the Americans with  Disabilities Act or persons who require translation services (free of charge)  should contact&nbsp;<strong>Jensen Hackett,<\/strong>&nbsp;at (813) 975-6283, toll free at  (800) 226-7220, or by email at:&nbsp;<a href=\"mailto:jensen.hackett@dot.state.fl.us\" target=\"_blank\" title=\"mailto:jensen.hackett@dot.state.fl.us\" rel=\"noopener\">jensen.hackett@dot.state.fl.us<\/a>.<\/p>\n<hr \/>\n<p><strong>Comuniquese Con Nosotros<\/strong><br \/>\nSi usted tiene preguntas o comentarios, o si simplemente desea m\u00e1s informaci\u00f3n sobre este proyecto, favor ponerse en contacto con el se\u00f1or <strong>Manuel Flores,<\/strong> al tel\u00e9fono <strong>(813) 975-6279<\/strong> o al correo electr\u00f3nico <a href=\"mailto:manuel.flores@dot.state.fl.us\">manuel.flores@dot.state.fl.us<\/a>.<\/p>\n","protected":false},"excerpt":{"rendered":"<p>For more information or to comment on the completed environmental phase of the project, please contact: Environmental Management Office Florida Department of Transportation, District Seven 11201 N. McKinley Drive MS 7-500 Tampa, FL 33612-6456 (813) 975-6000 (800) 226-7220 For issues<span class=\"ellipsis\">&hellip;<\/span><\/p>\n<div class=\"read-more\"><a href=\"https:\/\/www.fdotd7studies.com\/projects\/us19-66th-to-sr690\/contact-information\/\">Read more &#8250;<\/a><\/div>\n<p><!-- end of .read-more --><\/p>\n","protected":false},"author":1,"featured_media":0,"parent":0,"menu_order":0,"comment_status":"closed","ping_status":"closed","template":"","meta":{"_acf_changed":false,"footnotes":""},"acf":[],"_links":{"self":[{"href":"https:\/\/www.fdotd7studies.com\/projects\/us19-66th-to-sr690\/wp-json\/wp\/v2\/pages\/97"}],"collection":[{"href":"https:\/\/www.fdotd7studies.com\/projects\/us19-66th-to-sr690\/wp-json\/wp\/v2\/pages"}],"about":[{"href":"https:\/\/www.fdotd7studies.com\/projects\/us19-66th-to-sr690\/wp-json\/wp\/v2\/types\/page"}],"author":[{"embeddable":true,"href":"https:\/\/www.fdotd7studies.com\/projects\/us19-66th-to-sr690\/wp-json\/wp\/v2\/users\/1"}],"replies":[{"embeddable":true,"href":"https:\/\/www.fdotd7studies.com\/projects\/us19-66th-to-sr690\/wp-json\/wp\/v2\/comments?post=97"}],"version-history":[{"count":2,"href":"https:\/\/www.fdotd7studies.com\/projects\/us19-66th-to-sr690\/wp-json\/wp\/v2\/pages\/97\/revisions"}],"predecessor-version":[{"id":721,"href":"https:\/\/www.fdotd7studies.com\/projects\/us19-66th-to-sr690\/wp-json\/wp\/v2\/pages\/97\/revisions\/721"}],"wp:attachment":[{"href":"https:\/\/www.fdotd7studies.com\/projects\/us19-66th-to-sr690\/wp-json\/wp\/v2\/media?parent=97"}],"curies":[{"name":"wp","href":"https:\/\/api.w.org\/{rel}","templated":true}]}}